{"id":8,"date":"2023-03-07T21:42:50","date_gmt":"2023-03-07T20:42:50","guid":{"rendered":"https:\/\/stg.boxernia.pl\/en\/archiwum\/"},"modified":"2026-01-19T09:02:48","modified_gmt":"2026-01-19T08:02:48","slug":"archive","status":"publish","type":"page","link":"https:\/\/stg.boxernia.pl\/en\/archive\/","title":{"rendered":"Archive"},"content":{"rendered":"    <div class=\"py-2  bsk-banner bsk-banner--small\" >\n                        \n                    <div class=\"container container--768 text-center py-5\">\n                                    <h1 class=\"bsk-banner__title\">\n                        News Archive                    <\/h1>\n                                            <\/div>\n            <\/div>\n\n\n<div class=\"bsk-news py-3 py-sm-5 bg-color-white\"\n    data-posts-order=\"DESC\"\n    data-posts-per-pages=\"6\"\n    data-filter-sepia=\"1\"\n    data-tag-title-tile=\"h2\"\n    data-count-posts=\"1\"\n    >\n            <div class=\"container\">\n                        <div class=\"text-center mb-3 mb-sm-5\">\n                <button class=\"bsk-tile__btn-load-start bsk-tile__btn bsk-btn-1\">Wczytaj posty od najstarszego<\/button>\n            <\/div>\n            <p class=\"bsk-news__count-posts pt-2\">Ilo\u015b\u0107 wczytanych post\u00f3w: <span class=\"bsk-news__count-posts-show\">6<\/span> \/ 1<\/p>\n            <ul class=\"list-unstyled bsk-news__list grid\">\n                                    <li class=\"bsk-tile g-col-12 g-col-sm-6 g-col-md-4\">\n                        <div class=\"bsk-tile__image filter-sepia\">\n\n                            <a class=\"ajax-link\" href=\"https:\/\/stg.boxernia.pl\/en\/2026\/01\/19\/hello-world\/\">\n                                                                    <img decoding=\"async\" src=\"https:\/\/stg.boxernia.pl\/en\/wp-content\/themes\/boxernia\/assets\/images\/bsk.webp\" alt=\"BSK Boxernia\">\n                                                            <\/a>\n\n                        <\/div>\n                        <div class=\"bsk-tile__text p-4\">\n                            <h2 class=\"bsk-tile__title-slide\">Hello world!<\/h2>\n                            <p class=\"bsk-tile__date\"><span>Monday, January 19, 2026<\/span><\/p>\n                            <p class=\"bsk-tile__description\">Welcome to My Net Sites. This is your first post. Edit or delete it, then start writing!<\/p>                            <a class=\"bsk-tile__btn bsk-btn-1 mt-auto mx-auto ajax-link\" href=\"https:\/\/stg.boxernia.pl\/en\/2026\/01\/19\/hello-world\/\">Czytaj wi\u0119cej<\/a>\n                        <\/div>\n                    <\/li>\n                            <\/ul>\n            <div class=\"bsk-news__pagination text-center mt-3 mt-sm-5\">\n                <button class=\"bsk-tile__btn-load-more bsk-tile__btn bsk-btn-1 mt-auto mx-auto\" data-page=\"1\">Wczytaj kolejne max 6 post\u00f3w<\/button>\n            <\/div>\n        <\/div>\n        <\/div>\n","protected":false},"excerpt":{"rendered":"","protected":false},"author":1,"featured_media":0,"parent":0,"menu_order":0,"comment_status":"closed","ping_status":"closed","template":"","meta":{"footnotes":""},"class_list":["post-8","page","type-page","status-publish","hentry"],"_links":{"self":[{"href":"https:\/\/stg.boxernia.pl\/en\/wp-json\/wp\/v2\/pages\/8","targetHints":{"allow":["GET"]}}],"collection":[{"href":"https:\/\/stg.boxernia.pl\/en\/wp-json\/wp\/v2\/pages"}],"about":[{"href":"https:\/\/stg.boxernia.pl\/en\/wp-json\/wp\/v2\/types\/page"}],"author":[{"embeddable":true,"href":"https:\/\/stg.boxernia.pl\/en\/wp-json\/wp\/v2\/users\/1"}],"replies":[{"embeddable":true,"href":"https:\/\/stg.boxernia.pl\/en\/wp-json\/wp\/v2\/comments?post=8"}],"version-history":[{"count":2,"href":"https:\/\/stg.boxernia.pl\/en\/wp-json\/wp\/v2\/pages\/8\/revisions"}],"predecessor-version":[{"id":32,"href":"https:\/\/stg.boxernia.pl\/en\/wp-json\/wp\/v2\/pages\/8\/revisions\/32"}],"wp:attachment":[{"href":"https:\/\/stg.boxernia.pl\/en\/wp-json\/wp\/v2\/media?parent=8"}],"curies":[{"name":"wp","href":"https:\/\/api.w.org\/{rel}","templated":true}]}}